{"id":90,"date":"2015-07-03T14:01:17","date_gmt":"2015-07-03T14:01:17","guid":{"rendered":"http:\/\/demo.nrgthemes.com\/projects\/lychee\/?page_id=90"},"modified":"2020-03-02T10:30:57","modified_gmt":"2020-03-02T08:30:57","slug":"about-me","status":"publish","type":"page","link":"https:\/\/www.peterkomar.sk\/en\/about-me\/","title":{"rendered":"About me"},"content":{"rendered":"<p><div class=\"container-fluid blockback\"><div class=\"container-fluid nopadding\"><div class=\"row\">[vc_column]<div class=\"top-baner half-height\">\t<div class=\"clip\">\t\t<div class=\"bg bg-bg-chrome\" style=\"background-image:url(https:\/\/www.peterkomar.sk\/wp-content\/uploads\/2015\/07\/12773160_10206612187357553_1924286875_o.jpg)\"><\/div>\t<\/div>\t<div class=\"main-title\">\t\t<h2>All about me<\/h2>\t<\/div><\/div>[\/vc_column]<\/div><\/div><\/div><div class=\"container-fluid blockback\"><div class=\"container\"><div class=\"row vc_custom_1437410318499\">[vc_column]<div class=\"container\"><div class=\"row \">[vc_column_inner]<div class=\"heading clearfix text-left\"><h2>VIDEO PRODUCTION<\/h2><\/div>[\/vc_column_inner]<\/div><\/div><div class=\"container\"><div class=\"row \">[vc_column_inner width=&#8221;1\/2&#8243;]<div class=\"heading clearfix text-left\"><h2><\/h2><div class=\"text\"><p>EVENT VIDEO<\/p>\n<p>PROMO VIDEO<\/p>\n<p>CONFERENCE VIDEO<\/p>\n<p>WEDDINGS<\/p>\n<p>ADVERTISIMENT<\/p>\n<\/div><\/div>[\/vc_column_inner][vc_column_inner width=&#8221;1\/2&#8243;]<div class=\"heading clearfix text-left\"><h3><\/h3><div class=\"text\"><p>I am working with professional equipment with possibility of recording the video at 4K high-quality resolution. I am using fast light lenses to add movie like depth of field to your video.<\/p>\n<p>All filmmaking equipment such as light stabilizer is of course a part of my equipment without necessity of additional renting.<\/p>\n<p>Considering the final editing I offer flexibility in many kinds of colour variations to capture the best atmosphere for your product.<\/p>\n<\/div><\/div>[\/vc_column_inner]<\/div><\/div><div class=\"container\"><div class=\"row  vc_custom_1456685731877\">[vc_column_inner]<div class=\"heading clearfix text-left\"><h2>POSSIBILITIES<\/h2><\/div>[\/vc_column_inner]<\/div><\/div><div class=\"container\"><div class=\"row  posi vc_custom_1456683738849\">[vc_column_inner width=&#8221;1\/2&#8243; offset=&#8221;vc_col-md-3 vc_col-xs-12&#8243;]<div class=\"servis-block\">\t<img src=\"https:\/\/www.peterkomar.sk\/wp-content\/uploads\/2015\/07\/resolution.png\" alt=\"\">\t<p><p>FULL HD VIDEO,<br \/>\n4K VIDEO<\/p>\n<\/p><\/div>[\/vc_column_inner][vc_column_inner width=&#8221;1\/2&#8243; offset=&#8221;vc_col-md-3 vc_col-xs-12&#8243;]<div class=\"servis-block\">\t<img src=\"https:\/\/www.peterkomar.sk\/wp-content\/uploads\/2015\/07\/icon-frame.png\" alt=\"\">\t<p><p>25FPS \/ 100fps<br \/>\n25FPS<\/p>\n<\/p><\/div>[\/vc_column_inner][vc_column_inner width=&#8221;1\/2&#8243; offset=&#8221;vc_col-md-3 vc_col-xs-12&#8243;]<div class=\"servis-block\">\t<img src=\"https:\/\/www.peterkomar.sk\/wp-content\/uploads\/2015\/07\/codec.png\" alt=\"\">\t<p><p>MP4\/AVCHD\/XAVC S<br \/>\nXAVC S 4K<\/p>\n<\/p><\/div>[\/vc_column_inner][vc_column_inner width=&#8221;1\/2&#8243; offset=&#8221;vc_col-md-3 vc_col-xs-12&#8243;]<div class=\"servis-block\">\t<img src=\"https:\/\/www.peterkomar.sk\/wp-content\/uploads\/2015\/07\/colorgrading.png\" alt=\"\">\t<p><p>COLOR CORRECTION+COLOR GRADING<br \/>\nCOLOR CORRECTION+COLOR GRADING<\/p>\n<\/p><\/div>[\/vc_column_inner]<\/div><\/div><div class=\"heading clearfix text-left\"><h2>PHOTOGRAPHY<\/h2><div class=\"text\"><p>Event photography, wedding photography<\/p>\n<p>Photography in resolution 18 megapixel + colour correction and coloring for free.<\/p>\n<p>&nbsp;<\/p>\n<p>Price list on request.<\/p>\n<\/div><\/div>[\/vc_column]<\/div><\/div><\/div><div class=\"container-fluid blockback\"><div class=\"container-fluid nopadding\"><div class=\"row\">[vc_column]<div class=\"container\"><div class=\"row \">[vc_column_inner]<div class=\"heading clearfix text-left vc_custom_1457826342970\"><h2>About me<\/h2><div class=\"text\"><p>I am a graduate of Academy of Arts in Bansk\u00e1 Bystrica, field of study documentary movie.<\/p>\n<p>I have created several student movies which have participated on Slovak and also European film festivals and some of them have been awarded. To my greatest achievements so far I consider the winner documentary \u201eI and Lucia\u201c (2013) on the festival \u00c1\u010dko in Bratislava, the award Zlat\u00fd \u017eobr\u00e1k for the same movie on the festival 20th International Festival of Local Televisions Ko\u0161ice (2014) and qualification with this movie on ASTRA Film Festival in Romania (2014).<\/p>\n<p>Apart from movie I focus on promotional\/event video. I specialize in camera and editing. I have cooperated with numerous companies such as METRO SR, Mimacom, Helen Doron, Dremont, Beard&amp;Fringe and others.<\/p>\n<p>To my hobbies belongs music which I use in my videos. It is an inseparable part of my work.<\/p>\n<p>I would be pleased to introduce your thought, product or idea to general public using my video, which is more effective than a photography or text.<\/p>\n<p>There is nothing that cannot be recorded \u2013this is the power of visual art.<\/p>\n<\/div><\/div>[\/vc_column_inner]<\/div><\/div>[\/vc_column]<\/div><\/div><\/div><\/p>","protected":false},"excerpt":{"rendered":"[vc_column] All about me [\/vc_column][vc_column][vc_column_inner]VIDEO PRODUCTION[\/vc_column_inner][vc_column_inner width=\"1\/2\"]EVENT VIDEO PROMO VIDEO CONFERENCE VIDEO WEDDINGS ADVERTISIMENT [\/vc_column_inner][vc_column_inner width=\"1\/2\"]I am working with professional equipment with possibility of recording the video at 4K high-quality resolution. I am using fast light lenses to add movie like depth of field to your video. All filmmaking equipment such as light stabilizer is [...]","protected":false},"author":1,"featured_media":0,"parent":0,"menu_order":0,"comment_status":"open","ping_status":"open","template":"","meta":[],"_links":{"self":[{"href":"https:\/\/www.peterkomar.sk\/en\/wp-json\/wp\/v2\/pages\/90"}],"collection":[{"href":"https:\/\/www.peterkomar.sk\/en\/wp-json\/wp\/v2\/pages"}],"about":[{"href":"https:\/\/www.peterkomar.sk\/en\/wp-json\/wp\/v2\/types\/page"}],"author":[{"embeddable":true,"href":"https:\/\/www.peterkomar.sk\/en\/wp-json\/wp\/v2\/users\/1"}],"replies":[{"embeddable":true,"href":"https:\/\/www.peterkomar.sk\/en\/wp-json\/wp\/v2\/comments?post=90"}],"version-history":[{"count":43,"href":"https:\/\/www.peterkomar.sk\/en\/wp-json\/wp\/v2\/pages\/90\/revisions"}],"predecessor-version":[{"id":3292,"href":"https:\/\/www.peterkomar.sk\/en\/wp-json\/wp\/v2\/pages\/90\/revisions\/3292"}],"wp:attachment":[{"href":"https:\/\/www.peterkomar.sk\/en\/wp-json\/wp\/v2\/media?parent=90"}],"curies":[{"name":"wp","href":"https:\/\/api.w.org\/{rel}","templated":true}]}}