{"id":2536,"date":"2016-04-20T21:08:12","date_gmt":"2016-04-20T19:08:12","guid":{"rendered":"http:\/\/www.peterkomar.sk\/?page_id=2536"},"modified":"2019-02-04T11:57:48","modified_gmt":"2019-02-04T09:57:48","slug":"blog","status":"publish","type":"page","link":"https:\/\/www.peterkomar.sk\/en\/blog\/","title":{"rendered":"Blog"},"content":{"rendered":"<p><div class=\"container-fluid blockback\"><div class=\"container-fluid nopadding\"><div class=\"row\">[vc_column]<div class=\"top-baner\">\t<div class=\"clip\">\t\t<div class=\"bg bg-bg-chrome\" style=\"background-image:url(https:\/\/www.peterkomar.sk\/wp-content\/uploads\/2015\/07\/18184025816_2d8baba4de_o.jpg)\"><\/div>\t<\/div>\t<div class=\"main-title\">\t\t<h2>Blog<\/h2>\t\t<h5>Sony A7s Mark ll or Canon DSLR?<\/h5>\t<\/div><\/div>[\/vc_column]<\/div><\/div><\/div><div class=\"container-fluid blockback\"><div class=\"container\"><div class=\"row\">[vc_column]<div class=\"izotope-container gutt-col3\"><div class=\"grid-sizer\"><\/div><div id=\"post-id-2551\" class=\"blog-item item post-2551 post type-post status-publish format-standard hentry category-porovnavanie\">\t\t\t\t<div class=\"thumbnail-entry\"><a href=\"https:\/\/www.peterkomar.sk\/en\/2016\/04\/26\/2551\/\" title=\"(Sloven\u010dina) Pre\u010do som sa rozhodol prejs\u0165 z Canon DSLR na SONY A7S Mark ll\"><\/a>\t\t\t\t<\/div><a href=\"https:\/\/www.peterkomar.sk\/en\/2016\/04\/26\/2551\/\" title=\"(Sloven\u010dina) Pre\u010do som sa rozhodol prejs\u0165 z Canon DSLR na SONY A7S Mark ll\"><h4>(Sloven\u010dina) Pre\u010do som sa rozhodol prejs\u0165 z Canon DSLR na SONY A7S Mark ll<\/h4><\/a><p>Sorry, this entry is only available in Slovak.<\/p><div class=\"button-style-2\"><a href=\"https:\/\/www.peterkomar.sk\/en\/2016\/04\/26\/2551\/\" class=\"b-md butt-style\" title=\"read more\">read more<\/a><\/div><\/div><\/div>[\/vc_column]<\/div><\/div><\/div><\/p>","protected":false},"excerpt":{"rendered":"Sorry, this entry is only available in Slovak.","protected":false},"author":1,"featured_media":2845,"parent":0,"menu_order":0,"comment_status":"closed","ping_status":"closed","template":"","meta":[],"_links":{"self":[{"href":"https:\/\/www.peterkomar.sk\/en\/wp-json\/wp\/v2\/pages\/2536"}],"collection":[{"href":"https:\/\/www.peterkomar.sk\/en\/wp-json\/wp\/v2\/pages"}],"about":[{"href":"https:\/\/www.peterkomar.sk\/en\/wp-json\/wp\/v2\/types\/page"}],"author":[{"embeddable":true,"href":"https:\/\/www.peterkomar.sk\/en\/wp-json\/wp\/v2\/users\/1"}],"replies":[{"embeddable":true,"href":"https:\/\/www.peterkomar.sk\/en\/wp-json\/wp\/v2\/comments?post=2536"}],"version-history":[{"count":21,"href":"https:\/\/www.peterkomar.sk\/en\/wp-json\/wp\/v2\/pages\/2536\/revisions"}],"predecessor-version":[{"id":3238,"href":"https:\/\/www.peterkomar.sk\/en\/wp-json\/wp\/v2\/pages\/2536\/revisions\/3238"}],"wp:featuredmedia":[{"embeddable":true,"href":"https:\/\/www.peterkomar.sk\/en\/wp-json\/wp\/v2\/media\/2845"}],"wp:attachment":[{"href":"https:\/\/www.peterkomar.sk\/en\/wp-json\/wp\/v2\/media?parent=2536"}],"curies":[{"name":"wp","href":"https:\/\/api.w.org\/{rel}","templated":true}]}}