{"id":106,"date":"2015-07-03T14:02:15","date_gmt":"2015-07-03T14:02:15","guid":{"rendered":"http:\/\/demo.nrgthemes.com\/projects\/lychee\/?page_id=106"},"modified":"2016-07-20T21:19:43","modified_gmt":"2016-07-20T19:19:43","slug":"contact-us","status":"publish","type":"page","link":"https:\/\/www.peterkomar.sk\/en\/contact-us\/","title":{"rendered":"Contact"},"content":{"rendered":"<p><div class=\"container-fluid blockback\"><div class=\"container-fluid nopadding\"><div class=\"row\">[vc_column]<div class=\"top-baner half-height\">\t<div class=\"clip\">\t\t<div class=\"bg bg-bg-chrome\" style=\"background-image:url(https:\/\/www.peterkomar.sk\/wp-content\/uploads\/2015\/07\/titulna-k-ABOUTME.jpg)\"><\/div>\t<\/div>\t<div class=\"main-title\">\t\t<h2>Contact<\/h2>\t<\/div><\/div>[\/vc_column]<\/div><\/div><\/div><div class=\"container-fluid blockback\"><div class=\"container\"><div class=\"row vc_custom_1437476260866\">[vc_column offset=&#8221;vc_col-md-6&#8243;]<div class=\"container\"><div class=\"row \">[vc_column_inner]<div class=\"heading clearfix text-left contact-subtitle vc_custom_1457469398414\"><h4>Contact details<\/h4><\/div>[vc_column_text]If you are interested in cooperation please contact me.[\/vc_column_text][\/vc_column_inner]<\/div><\/div><div class=\"container\"><div class=\"row  vc_custom_1437439575904\">[vc_column_inner offset=&#8221;vc_col-md-4&#8243; css=&#8221;.vc_custom_1437439947997{padding-bottom: 30px !important;}&#8221;]<div class=\"heading clearfix text-left vc_custom_1456688007855\"><h5>Email<\/h5><div class=\"text\"><p><a href=\"mailto:pepo.komar@gmail.com\">pepo.komar@gmail.com<\/a><\/p>\n<\/div><\/div><div class=\"heading clearfix text-left\"><h5>Phone<\/h5><div class=\"text\"><p>+421 908 436 145<\/p>\n<\/div><\/div>[\/vc_column_inner][vc_column_inner offset=&#8221;vc_col-md-4&#8243; css=&#8221;.vc_custom_1437439956516{padding-bottom: 30px !important;}&#8221;]<div class=\"heading clearfix text-left\"><h5>Address<\/h5><div class=\"text\"><p>Peter Kom\u00e1r<\/p>\n<p>Po\u013en\u00e1 13<\/p>\n<p>974 05<\/p>\n<p>Bansk\u00e1 Bystrica<\/p>\n<\/div><\/div>[\/vc_column_inner][vc_column_inner offset=&#8221;vc_col-md-4&#8243; css=&#8221;.vc_custom_1437439961561{padding-bottom: 30px !important;}&#8221;]<div class=\"heading clearfix text-left address-block\"><h5>Address<\/h5><div class=\"text\"><p>Peter Kom\u00e1r<\/p>\n<p>Budy\u0161\u00ednska 14<\/p>\n<p>831 03<\/p>\n<p>Bratislava<\/p>\n<\/div><\/div>[\/vc_column_inner]<\/div><\/div>[\/vc_column][vc_column offset=&#8221;vc_col-md-6&#8243;]<div class=\"container\"><div class=\"row \">[vc_column_inner]<div class=\"heading clearfix text-left contact-subtitle vc_custom_1457803666246\"><h4>Got any questions?<\/h4><\/div><div role=\"form\" class=\"wpcf7\" id=\"wpcf7-f523-o2\" lang=\"en-US\" dir=\"ltr\">\n<div class=\"screen-reader-response\"><p role=\"status\" aria-live=\"polite\" aria-atomic=\"true\"><\/p> <ul><\/ul><\/div>\n<form action=\"\/en\/wp-json\/wp\/v2\/pages\/106#wpcf7-f523-o2\" method=\"post\" class=\"wpcf7-form init\" novalidate=\"novalidate\" data-status=\"init\">\n<div style=\"display: none;\">\n<input type=\"hidden\" name=\"_wpcf7\" value=\"523\" \/>\n<input type=\"hidden\" name=\"_wpcf7_version\" value=\"5.5.6\" \/>\n<input type=\"hidden\" name=\"_wpcf7_locale\" value=\"en_US\" \/>\n<input type=\"hidden\" name=\"_wpcf7_unit_tag\" value=\"wpcf7-f523-o2\" \/>\n<input type=\"hidden\" name=\"_wpcf7_container_post\" value=\"0\" \/>\n<input type=\"hidden\" name=\"_wpcf7_posted_data_hash\" value=\"\" \/>\n<input type=\"hidden\" name=\"_wpcf7_recaptcha_response\" value=\"\" \/>\n<\/div>\n<div class=\"contact-form\">\n\t<span class=\"wpcf7-form-control-wrap contactName\"><input type=\"text\" name=\"contactName\" value=\"\" size=\"40\" class=\"wpcf7-form-control wpcf7-text wpcf7-validates-as-required\" aria-required=\"true\" aria-invalid=\"false\" placeholder=\"Name*\" \/><\/span><br \/>\n\t<span class=\"wpcf7-form-control-wrap email\"><input type=\"email\" name=\"email\" value=\"\" size=\"40\" class=\"wpcf7-form-control wpcf7-text wpcf7-email wpcf7-validates-as-required wpcf7-validates-as-email\" aria-required=\"true\" aria-invalid=\"false\" placeholder=\"Email*\" \/><\/span><br \/>\n\t<span class=\"wpcf7-form-control-wrap subject\"><input type=\"text\" name=\"subject\" value=\"\" size=\"40\" class=\"wpcf7-form-control wpcf7-text\" aria-invalid=\"false\" placeholder=\"Subject\" \/><\/span><br \/>\n\t<span class=\"wpcf7-form-control-wrap message\"><textarea name=\"message\" cols=\"40\" rows=\"10\" class=\"wpcf7-form-control wpcf7-textarea wpcf7-validates-as-required\" aria-required=\"true\" aria-invalid=\"false\" placeholder=\"Message*\"><\/textarea><\/span><br \/>\n\t<input type=\"submit\" value=\"Send message\" class=\"wpcf7-form-control has-spinner wpcf7-submit\" \/>\n<\/div>\n<div class=\"wpcf7-response-output\" aria-hidden=\"true\"><\/div><\/form><\/div>[\/vc_column_inner]<\/div><\/div>[\/vc_column]<\/div><\/div><\/div><\/p>","protected":false},"excerpt":{"rendered":"[vc_column] Contact [\/vc_column][vc_column offset=\"vc_col-md-6\"][vc_column_inner]Contact details[vc_column_text]If you are interested in cooperation please contact me.[\/vc_column_text][\/vc_column_inner][vc_column_inner offset=\"vc_col-md-4\" css=\".vc_custom_1437439947997{padding-bottom: 30px !important;}\"]Emailpepo.komar@gmail.com Phone+421 908 436 145 [\/vc_column_inner][vc_column_inner offset=\"vc_col-md-4\" css=\".vc_custom_1437439956516{padding-bottom: 30px !important;}\"]AddressPeter Kom\u00e1r Po\u013en\u00e1 13 974 05 Bansk\u00e1 Bystrica [\/vc_column_inner][vc_column_inner offset=\"vc_col-md-4\" css=\".vc_custom_1437439961561{padding-bottom: 30px !important;}\"]AddressPeter Kom\u00e1r Budy\u0161\u00ednska 14 831 03 Bratislava [\/vc_column_inner][\/vc_column][vc_column offset=\"vc_col-md-6\"][vc_column_inner]Got any questions? [\/vc_column_inner][\/vc_column]","protected":false},"author":1,"featured_media":1941,"parent":0,"menu_order":0,"comment_status":"open","ping_status":"closed","template":"","meta":[],"_links":{"self":[{"href":"https:\/\/www.peterkomar.sk\/en\/wp-json\/wp\/v2\/pages\/106"}],"collection":[{"href":"https:\/\/www.peterkomar.sk\/en\/wp-json\/wp\/v2\/pages"}],"about":[{"href":"https:\/\/www.peterkomar.sk\/en\/wp-json\/wp\/v2\/types\/page"}],"author":[{"embeddable":true,"href":"https:\/\/www.peterkomar.sk\/en\/wp-json\/wp\/v2\/users\/1"}],"replies":[{"embeddable":true,"href":"https:\/\/www.peterkomar.sk\/en\/wp-json\/wp\/v2\/comments?post=106"}],"version-history":[{"count":13,"href":"https:\/\/www.peterkomar.sk\/en\/wp-json\/wp\/v2\/pages\/106\/revisions"}],"predecessor-version":[{"id":2744,"href":"https:\/\/www.peterkomar.sk\/en\/wp-json\/wp\/v2\/pages\/106\/revisions\/2744"}],"wp:featuredmedia":[{"embeddable":true,"href":"https:\/\/www.peterkomar.sk\/en\/wp-json\/wp\/v2\/media\/1941"}],"wp:attachment":[{"href":"https:\/\/www.peterkomar.sk\/en\/wp-json\/wp\/v2\/media?parent=106"}],"curies":[{"name":"wp","href":"https:\/\/api.w.org\/{rel}","templated":true}]}}